{"id":124,"date":"2025-05-29T00:15:32","date_gmt":"2025-05-29T00:15:32","guid":{"rendered":"https:\/\/lorenaprom.rs\/?post_type=product&#038;p=124"},"modified":"2025-06-04T23:12:46","modified_gmt":"2025-06-04T23:12:46","slug":"polyethylene-foams","status":"publish","type":"product","link":"https:\/\/lorenaprom.rs\/sr\/product\/polyethylene-foams\/","title":{"rendered":"Polietilen Pene"},"content":{"rendered":"<p>\u010cvrste pene, kao laki materijali za celularno in\u017eenjerstvo, dele se na one sa otvorenim i zatvorenim \u0107elijama. Pene sa zatvorenim \u0107elijama pru\u017eaju ve\u0107u stabilnost, manju apsorpciju vlage i ve\u0107u \u010dvrsto\u0107u u odnosu na one sa otvorenim \u0107elijama. Sve vrste pene se \u010desto koriste kao jezgro u sendvi\u010d kompozitima. U zavisnosti od primene, pena mo\u017ee imati ni\u017eu gustinu za lake proizvode ili vi\u0161u za te\u0161ke. Tako\u0111e, mogu\u0107e su kombinacije termoreaktivnih pena.<\/p>","protected":false},"featured_media":506,"template":"","meta":{"_acf_changed":false},"class_list":["post-124","product","type-product","status-publish","has-post-thumbnail","hentry"],"acf":[],"_links":{"self":[{"href":"https:\/\/lorenaprom.rs\/sr\/wp-json\/wp\/v2\/product\/124","targetHints":{"allow":["GET"]}}],"collection":[{"href":"https:\/\/lorenaprom.rs\/sr\/wp-json\/wp\/v2\/product"}],"about":[{"href":"https:\/\/lorenaprom.rs\/sr\/wp-json\/wp\/v2\/types\/product"}],"version-history":[{"count":0,"href":"https:\/\/lorenaprom.rs\/sr\/wp-json\/wp\/v2\/product\/124\/revisions"}],"wp:featuredmedia":[{"embeddable":true,"href":"https:\/\/lorenaprom.rs\/sr\/wp-json\/wp\/v2\/media\/506"}],"wp:attachment":[{"href":"https:\/\/lorenaprom.rs\/sr\/wp-json\/wp\/v2\/media?parent=124"}],"curies":[{"name":"wp","href":"https:\/\/api.w.org\/{rel}","templated":true}]}}