{"id":548,"date":"2025-06-04T23:28:53","date_gmt":"2025-06-04T23:28:53","guid":{"rendered":"https:\/\/lorenaprom.rs\/?post_type=product&#038;p=548"},"modified":"2025-06-12T08:06:46","modified_gmt":"2025-06-12T08:06:46","slug":"cardboard","status":"publish","type":"product","link":"https:\/\/lorenaprom.rs\/sr\/product\/cardboard\/","title":{"rendered":"Kartonska ambala\u017ea"},"content":{"rendered":"<p>Kartonska ambala\u017ea je ekolo\u0161ki prihvatljiv materijal koji se koristi za pakovanje razli\u010ditih proizvoda. Ambala\u017ea od valovite lepenke obuhvata proizvodnju kutija u svim debljinama i kvalitetima kartona, uklju\u010duju\u0107i mikroval, sitan i krupan val, kao i petoslojnu lepenku. U na\u0161em asortimanu posedujemo sve vrste kartona i na osnovu te\u017eine proizvoda preporu\u010dujemo kvalitet kartona koji \u0107e zadovoljiti potrebe na\u0161ih kupaca. Dostupne su klasi\u010dne kutije u ameri\u010dkom stilu (ameriken) i slo\u017eive kutije za automatske pakerice u \u0161tancanoj varijanti. Sve kutije mogu biti proizvedene sa vi\u0161ebojnim \u0161tampanjem. Poznate su po svojoj \u010dvrsto\u0107i i lako\u0107i, \u0161to je \u010dini idealnom za za\u0161titu sadr\u017eaja tokom transporta i skladi\u0161tenja. Kartonska ambala\u017ea je 100% reciklabilna, \u0161to je \u010dini odr\u017eivom opcijom.<\/p>","protected":false},"featured_media":526,"template":"","meta":{"_acf_changed":false},"class_list":["post-548","product","type-product","status-publish","has-post-thumbnail","hentry"],"acf":[],"_links":{"self":[{"href":"https:\/\/lorenaprom.rs\/sr\/wp-json\/wp\/v2\/product\/548","targetHints":{"allow":["GET"]}}],"collection":[{"href":"https:\/\/lorenaprom.rs\/sr\/wp-json\/wp\/v2\/product"}],"about":[{"href":"https:\/\/lorenaprom.rs\/sr\/wp-json\/wp\/v2\/types\/product"}],"version-history":[{"count":1,"href":"https:\/\/lorenaprom.rs\/sr\/wp-json\/wp\/v2\/product\/548\/revisions"}],"predecessor-version":[{"id":833,"href":"https:\/\/lorenaprom.rs\/sr\/wp-json\/wp\/v2\/product\/548\/revisions\/833"}],"wp:featuredmedia":[{"embeddable":true,"href":"https:\/\/lorenaprom.rs\/sr\/wp-json\/wp\/v2\/media\/526"}],"wp:attachment":[{"href":"https:\/\/lorenaprom.rs\/sr\/wp-json\/wp\/v2\/media?parent=548"}],"curies":[{"name":"wp","href":"https:\/\/api.w.org\/{rel}","templated":true}]}}